{"id":550,"date":"2020-01-20T00:39:36","date_gmt":"2020-01-20T00:39:36","guid":{"rendered":"https:\/\/girasonhos.org.br\/site\/atividades-copy\/"},"modified":"2026-01-21T18:25:54","modified_gmt":"2026-01-21T18:25:54","slug":"nos-apoie","status":"publish","type":"page","link":"https:\/\/girasonhos.org.br\/site\/nos-apoie\/","title":{"rendered":"Nos apoie"},"content":{"rendered":"<p>[et_pb_section bb_built=&#8221;1&#8243; _builder_version=&#8221;3.0.92&#8243; custom_padding=&#8221;54px|0px|79px|0px&#8221; background_color=&#8221;#ffffff&#8221;][et_pb_row custom_padding=&#8221;38.0469px|0px|0px|0px&#8221; _builder_version=&#8221;3.0.92&#8243;][et_pb_column type=&#8221;4_4&#8243;][et_pb_text _builder_version=&#8221;3.0.92&#8243; text_font=&#8221;Baloo|700|||||||&#8221; text_font_size=&#8221;45px&#8221; text_text_color=&#8221;#0c71c3&#8243; text_orientation=&#8221;center&#8221; background_layout=&#8221;light&#8221;]<\/p>\n<p>COMO NOS APOIAR<\/p>\n<p>[\/et_pb_text][et_pb_text _builder_version=&#8221;3.0.92&#8243; background_layout=&#8221;light&#8221; text_text_color=&#8221;#000000&#8243;]<\/p>\n<h5 style=\"text-align: center;\">N\u00f3s acreditamos que cada gesto de solidariedade transforma vidas. &#x2764;<\/h5>\n<h5 style=\"text-align: center;\">Existem diversas formas de contribuir com o nosso trabalho: voc\u00ea pode realizar uma doa\u00e7\u00e3o pontual, tornar-se um associado mensal, doar via PIX\/transfer\u00eancia banc\u00e1ria ou ainda doar itens para o nosso bazar. Escolha como voc\u00ea prefere ajudar e fa\u00e7a parte dessa rede de cuidado, esperan\u00e7a e amor que acolhe e fortalece tantas hist\u00f3rias.<\/h5>\n<p>[\/et_pb_text][\/et_pb_column][\/et_pb_row][\/et_pb_section][et_pb_section bb_built=&#8221;1&#8243; _builder_version=&#8221;3.0.92&#8243; custom_padding=&#8221;0px|0px|6px|0px&#8221; inner_shadow=&#8221;on&#8221;][et_pb_row custom_padding=&#8221;27px|0px|4px|0px&#8221; _builder_version=&#8221;3.0.92&#8243; animation_style=&#8221;zoom&#8221;][et_pb_column type=&#8221;1_2&#8243;][et_pb_button _builder_version=&#8221;3.0.92&#8243; url_new_window=&#8221;off&#8221; background_layout=&#8221;dark&#8221; custom_button=&#8221;on&#8221; button_icon_placement=&#8221;right&#8221; button_bg_use_color_gradient=&#8221;on&#8221; button_bg_image=&#8221;https:\/\/girasonhos.org.br\/site\/wp-content\/uploads\/2026\/01\/NOTA-FISCAL-PAULISTA-1.png&#8221; button_text_size=&#8221;100&#8243; button_border_radius=&#8221;0&#8243; button_text=&#8221;.&#8221; button_text_size_last_edited=&#8221;off|desktop&#8221; button_text_color=&#8221;#ffffff&#8221; button_border_width=&#8221;0&#8243; button_border_color=&#8221;#ffffff&#8221; animation_style=&#8221;zoom&#8221; button_use_icon=&#8221;off&#8221; button_url=&#8221;https:\/\/girasonhos.org.br\/site\/notafiscalpaulista\/&#8221; button_font=&#8221;|300|||||||&#8221; button_alignment=&#8221;center&#8221; animation_starting_opacity=&#8221;15%&#8221; \/][et_pb_button _builder_version=&#8221;3.0.92&#8243; url_new_window=&#8221;off&#8221; background_layout=&#8221;dark&#8221; custom_button=&#8221;on&#8221; button_icon_placement=&#8221;right&#8221; button_bg_use_color_gradient=&#8221;on&#8221; button_bg_image=&#8221;https:\/\/girasonhos.org.br\/site\/wp-content\/uploads\/2026\/01\/NOTA-FISCAL-PAULISTA-5.png&#8221; button_text_size=&#8221;100&#8243; button_border_radius=&#8221;0&#8243; button_text=&#8221;.&#8221; button_text_size_last_edited=&#8221;off|desktop&#8221; button_text_color=&#8221;#004aad&#8221; button_border_width=&#8221;0&#8243; button_border_color=&#8221;#ffffff&#8221; animation_style=&#8221;zoom&#8221; button_use_icon=&#8221;off&#8221; button_url=&#8221;https:\/\/girasonhos.org.br\/site\/associados\/&#8221; button_font=&#8221;|300|||||||&#8221; button_alignment=&#8221;center&#8221; \/][\/et_pb_column][et_pb_column type=&#8221;1_2&#8243;][et_pb_button _builder_version=&#8221;3.0.92&#8243; url_new_window=&#8221;off&#8221; background_layout=&#8221;dark&#8221; custom_button=&#8221;on&#8221; button_icon_placement=&#8221;right&#8221; button_bg_use_color_gradient=&#8221;on&#8221; button_bg_image=&#8221;https:\/\/girasonhos.org.br\/site\/wp-content\/uploads\/2026\/01\/NOTA-FISCAL-PAULISTA-2.png&#8221; button_text_size=&#8221;100&#8243; button_border_radius=&#8221;0&#8243; button_text=&#8221;.&#8221; button_text_size_last_edited=&#8221;off|desktop&#8221; button_text_color=&#8221;#ffffff&#8221; button_border_width=&#8221;0&#8243; button_border_color=&#8221;#ffffff&#8221; animation_style=&#8221;zoom&#8221; button_use_icon=&#8221;off&#8221; button_url=&#8221;https:\/\/girasonhos.org.br\/site\/transferencia-bancaria\/&#8221; button_font=&#8221;|300|||||||&#8221; button_alignment=&#8221;center&#8221; \/][et_pb_button _builder_version=&#8221;3.0.92&#8243; url_new_window=&#8221;off&#8221; background_layout=&#8221;dark&#8221; custom_button=&#8221;on&#8221; button_icon_placement=&#8221;right&#8221; button_bg_use_color_gradient=&#8221;on&#8221; button_bg_image=&#8221;https:\/\/girasonhos.org.br\/site\/wp-content\/uploads\/2026\/01\/NOTA-FISCAL-PAULISTA-6.png&#8221; button_text_size=&#8221;100&#8243; button_border_radius=&#8221;0&#8243; button_text=&#8221;.&#8221; button_text_size_last_edited=&#8221;off|desktop&#8221; button_text_color=&#8221;#ffffff&#8221; button_border_width=&#8221;0&#8243; button_border_color=&#8221;#ffffff&#8221; animation_style=&#8221;zoom&#8221; button_use_icon=&#8221;off&#8221; button_url=&#8221;https:\/\/girasonhos.org.br\/site\/bazar-solidario\/&#8221; button_font=&#8221;|300|||||||&#8221; button_alignment=&#8221;center&#8221; \/][\/et_pb_column][\/et_pb_row][\/et_pb_section][et_pb_section bb_built=&#8221;1&#8243; _builder_version=&#8221;3.0.92&#8243; custom_padding=&#8221;36px|0px|54px|0px&#8221; border_color_all=&#8221;#f47200&#8243; border_width_bottom=&#8221;7px&#8221; global_module=&#8221;188&#8243;][et_pb_row global_parent=&#8221;188&#8243; custom_padding=&#8221;12px|0px|27px|0px&#8221; _builder_version=&#8221;3.0.92&#8243;][et_pb_column type=&#8221;4_4&#8243;][et_pb_text global_parent=&#8221;188&#8243; _builder_version=&#8221;3.0.92&#8243; text_font=&#8221;Baloo|700|||||||&#8221; text_font_size=&#8221;45px&#8221; text_text_color=&#8221;#0c71c3&#8243; text_orientation=&#8221;center&#8221; background_layout=&#8221;light&#8221;]<\/p>\n<p>Nossos Parceiros:<\/p>\n<p>[\/et_pb_text][et_pb_text global_parent=&#8221;188&#8243; _builder_version=&#8221;3.0.92&#8243; background_layout=&#8221;light&#8221; text_font_size=&#8221;16px&#8221; text_text_color=&#8221;#5b5b5b&#8221;]<\/p>\n<p style=\"text-align: center;\"><span style=\"vertical-align: inherit;\"><span style=\"vertical-align: inherit;\"><span style=\"vertical-align: inherit;\"><span style=\"vertical-align: inherit;\">Nosso sucesso \u00e9 resultado de parcerias s\u00f3lidas e colaborativas e temos a sorte de contar com parceiros que ajudam a viabilizar a execu\u00e7\u00e3o do nosso trabalho.<\/span><\/span><\/span><\/span><\/p>\n<p>[\/et_pb_text][\/et_pb_column][\/et_pb_row][et_pb_row global_parent=&#8221;188&#8243; background_position=&#8221;top_left&#8221; background_repeat=&#8221;repeat&#8221; background_size=&#8221;initial&#8221; _builder_version=&#8221;3.0.92&#8243;][et_pb_column type=&#8221;1_3&#8243;][et_pb_image global_parent=&#8221;188&#8243; _builder_version=&#8221;3.0.92&#8243; src=&#8221;https:\/\/girasonhos.org.br\/site\/wp-content\/uploads\/2025\/04\/5dsdsgtr-removebg-preview.png&#8221; show_in_lightbox=&#8221;off&#8221; url_new_window=&#8221;off&#8221; use_overlay=&#8221;off&#8221; always_center_on_mobile=&#8221;on&#8221; force_fullwidth=&#8221;off&#8221; show_bottom_space=&#8221;on&#8221; border_color_all=&#8221;#0c71c3&#8243; max_width=&#8221;50%&#8221; \/][et_pb_image global_parent=&#8221;188&#8243; _builder_version=&#8221;3.0.92&#8243; src=&#8221;https:\/\/girasonhos.org.br\/site\/wp-content\/uploads\/2025\/04\/6-removebg-preview.png&#8221; show_in_lightbox=&#8221;off&#8221; url_new_window=&#8221;off&#8221; use_overlay=&#8221;off&#8221; always_center_on_mobile=&#8221;on&#8221; force_fullwidth=&#8221;off&#8221; show_bottom_space=&#8221;on&#8221; max_width=&#8221;50%&#8221; \/][\/et_pb_column][et_pb_column type=&#8221;1_3&#8243;][et_pb_image global_parent=&#8221;188&#8243; _builder_version=&#8221;3.0.92&#8243; src=&#8221;https:\/\/girasonhos.org.br\/site\/wp-content\/uploads\/2025\/04\/2dssds-removebg-preview.png&#8221; show_in_lightbox=&#8221;off&#8221; url_new_window=&#8221;off&#8221; use_overlay=&#8221;off&#8221; always_center_on_mobile=&#8221;on&#8221; force_fullwidth=&#8221;off&#8221; show_bottom_space=&#8221;on&#8221; max_width=&#8221;50%&#8221; \/][et_pb_image global_parent=&#8221;188&#8243; _builder_version=&#8221;3.0.92&#8243; src=&#8221;https:\/\/girasonhos.org.br\/site\/wp-content\/uploads\/2025\/04\/4sdsdsdf-removebg-preview.png&#8221; show_in_lightbox=&#8221;off&#8221; url_new_window=&#8221;off&#8221; use_overlay=&#8221;off&#8221; always_center_on_mobile=&#8221;on&#8221; force_fullwidth=&#8221;off&#8221; show_bottom_space=&#8221;on&#8221; max_width=&#8221;50%&#8221; \/][\/et_pb_column][et_pb_column type=&#8221;1_3&#8243;][et_pb_image global_parent=&#8221;188&#8243; _builder_version=&#8221;3.0.92&#8243; src=&#8221;https:\/\/girasonhos.org.br\/site\/wp-content\/uploads\/2025\/04\/1sasa-removebg-preview.png&#8221; show_in_lightbox=&#8221;off&#8221; url_new_window=&#8221;off&#8221; use_overlay=&#8221;off&#8221; always_center_on_mobile=&#8221;on&#8221; force_fullwidth=&#8221;off&#8221; show_bottom_space=&#8221;on&#8221; max_width=&#8221;50%&#8221; \/][et_pb_image global_parent=&#8221;188&#8243; _builder_version=&#8221;3.0.92&#8243; src=&#8221;https:\/\/girasonhos.org.br\/site\/wp-content\/uploads\/2025\/04\/3-removebg-preview.png&#8221; show_in_lightbox=&#8221;off&#8221; url_new_window=&#8221;off&#8221; use_overlay=&#8221;off&#8221; always_center_on_mobile=&#8221;on&#8221; force_fullwidth=&#8221;off&#8221; show_bottom_space=&#8221;on&#8221; max_width=&#8221;50%&#8221; \/][\/et_pb_column][\/et_pb_row][\/et_pb_section]<\/p>\n","protected":false},"excerpt":{"rendered":"<p>[et_pb_section bb_built=&#8221;1&#8243; _builder_version=&#8221;3.0.92&#8243; custom_padding=&#8221;54px|0px|79px|0px&#8221; background_color=&#8221;#ffffff&#8221;][et_pb_row custom_padding=&#8221;38.0469px|0px|0px|0px&#8221; _builder_version=&#8221;3.0.92&#8243;][et_pb_column type=&#8221;4_4&#8243;][et_pb_text _builder_version=&#8221;3.0.92&#8243; text_font=&#8221;Baloo|700|||||||&#8221; text_font_size=&#8221;45px&#8221; text_text_color=&#8221;#0c71c3&#8243; text_orientation=&#8221;center&#8221; background_layout=&#8221;light&#8221;] COMO NOS APOIAR [\/et_pb_text][et_pb_text _builder_version=&#8221;3.0.92&#8243; background_layout=&#8221;light&#8221; text_text_color=&#8221;#000000&#8243;] N\u00f3s acreditamos que cada gesto de solidariedade transforma vidas. &#x2764; Existem diversas formas de contribuir com o nosso trabalho: voc\u00ea pode realizar uma doa\u00e7\u00e3o pontual, tornar-se um associado mensal, doar via PIX\/transfer\u00eancia banc\u00e1ria ou [&hellip;]<\/p>\n","protected":false},"author":1,"featured_media":0,"parent":0,"menu_order":0,"comment_status":"closed","ping_status":"closed","template":"","meta":[],"_links":{"self":[{"href":"https:\/\/girasonhos.org.br\/site\/wp-json\/wp\/v2\/pages\/550"}],"collection":[{"href":"https:\/\/girasonhos.org.br\/site\/wp-json\/wp\/v2\/pages"}],"about":[{"href":"https:\/\/girasonhos.org.br\/site\/wp-json\/wp\/v2\/types\/page"}],"author":[{"embeddable":true,"href":"https:\/\/girasonhos.org.br\/site\/wp-json\/wp\/v2\/users\/1"}],"replies":[{"embeddable":true,"href":"https:\/\/girasonhos.org.br\/site\/wp-json\/wp\/v2\/comments?post=550"}],"version-history":[{"count":73,"href":"https:\/\/girasonhos.org.br\/site\/wp-json\/wp\/v2\/pages\/550\/revisions"}],"predecessor-version":[{"id":2805,"href":"https:\/\/girasonhos.org.br\/site\/wp-json\/wp\/v2\/pages\/550\/revisions\/2805"}],"wp:attachment":[{"href":"https:\/\/girasonhos.org.br\/site\/wp-json\/wp\/v2\/media?parent=550"}],"curies":[{"name":"wp","href":"https:\/\/api.w.org\/{rel}","templated":true}]}}