{"id":4126,"date":"2026-01-21T18:07:35","date_gmt":"2026-01-21T18:07:35","guid":{"rendered":"https:\/\/girasonhos.org.br\/site\/?page_id=4126"},"modified":"2026-01-21T18:28:26","modified_gmt":"2026-01-21T18:28:26","slug":"bazar-solidario","status":"publish","type":"page","link":"https:\/\/girasonhos.org.br\/site\/bazar-solidario\/","title":{"rendered":"Bazar Solid\u00e1rio"},"content":{"rendered":"<p>O bazar\u00a0\u00e9 uma importante\u00a0fonte de renda para o Centro de Conviv\u00eancia Girasonhos e \u00e9 mantido por doa\u00e7\u00f5es de <strong>roupas<\/strong>, <strong>cal\u00e7ados<\/strong>, <strong>acess\u00f3rios<\/strong>, <strong>brinquedos<\/strong>\u00a0e\u00a0<strong>itens dom\u00e9sticos<\/strong>. Ao doar algum item para nosso bazar, voc\u00ea nos ajuda a dar continuidade em nossas a\u00e7\u00f5es.<\/p>\n<p><strong>Como doar:<\/strong><\/p>\n<ol>\n<li>Separe os itens em bom estado.<\/li>\n<li>Entregue no endere\u00e7o Avenida S\u00e3o Paulo, n\u00ba 76 &#8211; Tancredo Neves II.<\/li>\n<li>Caso precise que n\u00f3s fazemos a coleta,\u00a0nos avise por telefone ou <a href=\"https:\/\/wa.me\/5514991656120\">whatsapp <\/a>que iremos at\u00e9 voc\u00ea.<\/li>\n<li>Visite nosso bazar\u00a0e veja como sua <strong>doa\u00e7\u00e3o faz a diferen\u00e7a<\/strong>.<\/li>\n<\/ol>\n<h4><strong>Para maiores informa\u00e7\u00f5es: (14) 3841-2823 ou WhatsApp: (14) 99165-6120<\/strong><\/h4>\n","protected":false},"excerpt":{"rendered":"<p>O bazar\u00a0\u00e9 uma importante\u00a0fonte de renda para o Centro de Conviv\u00eancia Girasonhos e \u00e9 mantido por doa\u00e7\u00f5es de roupas, cal\u00e7ados, acess\u00f3rios, brinquedos\u00a0e\u00a0itens dom\u00e9sticos. Ao doar algum item para nosso bazar, voc\u00ea nos ajuda a dar continuidade em nossas a\u00e7\u00f5es. Como doar: Separe os itens em bom estado. Entregue no endere\u00e7o Avenida S\u00e3o Paulo, n\u00ba 76 [&hellip;]<\/p>\n","protected":false},"author":3,"featured_media":0,"parent":0,"menu_order":0,"comment_status":"closed","ping_status":"closed","template":"","meta":[],"_links":{"self":[{"href":"https:\/\/girasonhos.org.br\/site\/wp-json\/wp\/v2\/pages\/4126"}],"collection":[{"href":"https:\/\/girasonhos.org.br\/site\/wp-json\/wp\/v2\/pages"}],"about":[{"href":"https:\/\/girasonhos.org.br\/site\/wp-json\/wp\/v2\/types\/page"}],"author":[{"embeddable":true,"href":"https:\/\/girasonhos.org.br\/site\/wp-json\/wp\/v2\/users\/3"}],"replies":[{"embeddable":true,"href":"https:\/\/girasonhos.org.br\/site\/wp-json\/wp\/v2\/comments?post=4126"}],"version-history":[{"count":5,"href":"https:\/\/girasonhos.org.br\/site\/wp-json\/wp\/v2\/pages\/4126\/revisions"}],"predecessor-version":[{"id":4138,"href":"https:\/\/girasonhos.org.br\/site\/wp-json\/wp\/v2\/pages\/4126\/revisions\/4138"}],"wp:attachment":[{"href":"https:\/\/girasonhos.org.br\/site\/wp-json\/wp\/v2\/media?parent=4126"}],"curies":[{"name":"wp","href":"https:\/\/api.w.org\/{rel}","templated":true}]}}