{"id":4117,"date":"2026-01-21T17:54:53","date_gmt":"2026-01-21T17:54:53","guid":{"rendered":"https:\/\/girasonhos.org.br\/site\/?page_id=4117"},"modified":"2026-01-21T18:29:08","modified_gmt":"2026-01-21T18:29:08","slug":"associados","status":"publish","type":"page","link":"https:\/\/girasonhos.org.br\/site\/associados\/","title":{"rendered":"Seja um Associado"},"content":{"rendered":"<p class=\"mb-4\" style=\"margin-top: 0cm; text-align: justify; background: white;\"><span style=\"color: #333333;\"><b>Torne-se\u00a0<\/b>um associado e <strong>contribua<\/strong> com as nossa a\u00e7\u00f5es para as crian\u00e7as e adolescentes. Sua contribui\u00e7\u00e3o pode ser pontual ou mensal. <\/span><span class=\"JCzEY tNxQIb\"><span class=\"CSkcDe\">&#x1f499;<\/span><\/span><\/p>\n<p><span style=\"color: #333333;\">Ficaremos agradecidos com qualquer valor que voc\u00ea contribuir. Toda ajuda faz a diferen\u00e7a!<\/span><\/p>\n<p><span style=\"color: #333333;\"><strong>Associado Pontual:<\/strong><\/span><\/p>\n<ol>\n<li><span style=\"color: #333333;\">Envie seus dados completos (nome, endere\u00e7o, CPF e valor) por telefone ou<span style=\"color: #00ccff;\"> <a style=\"color: #00ccff;\" href=\"https:\/\/wa.me\/5514991656120\" target=\"_blank\" rel=\"noopener\">whatsapp<\/a><\/span><\/span><\/li>\n<li><span style=\"color: #333333;\">Realize o pagamento por Pix\/transfer\u00eancia ou Dep\u00f3sito banc\u00e1rio.<\/span><\/li>\n<li><span style=\"color: #333333;\">Nos envie o seu comprovante<\/span><\/li>\n<li><span style=\"color: #333333;\">Receba o recibo da sua doa\u00e7\u00e3o.<\/span><\/li>\n<\/ol>\n<p><span style=\"color: #333333;\"><strong>Associado Mensal:<\/strong><\/span><\/p>\n<ol>\n<li><span style=\"color: #333333;\">Envie seus dados completos (nome, endere\u00e7o, CPF) por telefone ou <span style=\"color: #00ccff;\"><a style=\"color: #00ccff;\" href=\"https:\/\/wa.me\/5514991656120\" target=\"_blank\" rel=\"noopener\">whatsapp<\/a><\/span><\/span><\/li>\n<li><span style=\"color: #333333;\">Cadastramos voc\u00ea nosso livro de associados e levamos para assinatura.<\/span><\/li>\n<li><span style=\"color: #333333;\">Fazemos um carn\u00ea anual para voc\u00ea pagar mensalmente.<\/span><\/li>\n<li><span style=\"color: #333333;\">Realize o pagamento por Pix\/transfer\u00eancia, dep\u00f3sito banc\u00e1rio ou pessoalmente<\/span><\/li>\n<li><span style=\"color: #333333;\">Nos envie o seu comprovante (se for por pix, transfer\u00eancia ou dep\u00f3sito)<\/span><\/li>\n<li><span style=\"color: #333333;\">Enviamos o seu recibo. (se for por pix, transfer\u00eancia ou dep\u00f3sito)<\/span><\/li>\n<\/ol>\n<h4><strong>Para maiores informa\u00e7\u00f5es: (14) 3841-2823 ou WhatsApp: (14) 99165-6120<\/strong><\/h4>\n","protected":false},"excerpt":{"rendered":"<p>Torne-se\u00a0um associado e contribua com as nossa a\u00e7\u00f5es para as crian\u00e7as e adolescentes. Sua contribui\u00e7\u00e3o pode ser pontual ou mensal. &#x1f499; Ficaremos agradecidos com qualquer valor que voc\u00ea contribuir. Toda ajuda faz a diferen\u00e7a! Associado Pontual: Envie seus dados completos (nome, endere\u00e7o, CPF e valor) por telefone ou whatsapp Realize o pagamento por Pix\/transfer\u00eancia ou [&hellip;]<\/p>\n","protected":false},"author":3,"featured_media":0,"parent":0,"menu_order":0,"comment_status":"closed","ping_status":"closed","template":"","meta":[],"_links":{"self":[{"href":"https:\/\/girasonhos.org.br\/site\/wp-json\/wp\/v2\/pages\/4117"}],"collection":[{"href":"https:\/\/girasonhos.org.br\/site\/wp-json\/wp\/v2\/pages"}],"about":[{"href":"https:\/\/girasonhos.org.br\/site\/wp-json\/wp\/v2\/types\/page"}],"author":[{"embeddable":true,"href":"https:\/\/girasonhos.org.br\/site\/wp-json\/wp\/v2\/users\/3"}],"replies":[{"embeddable":true,"href":"https:\/\/girasonhos.org.br\/site\/wp-json\/wp\/v2\/comments?post=4117"}],"version-history":[{"count":7,"href":"https:\/\/girasonhos.org.br\/site\/wp-json\/wp\/v2\/pages\/4117\/revisions"}],"predecessor-version":[{"id":4139,"href":"https:\/\/girasonhos.org.br\/site\/wp-json\/wp\/v2\/pages\/4117\/revisions\/4139"}],"wp:attachment":[{"href":"https:\/\/girasonhos.org.br\/site\/wp-json\/wp\/v2\/media?parent=4117"}],"curies":[{"name":"wp","href":"https:\/\/api.w.org\/{rel}","templated":true}]}}