{"id":198,"date":"2019-01-18T02:10:51","date_gmt":"2019-01-18T02:10:51","guid":{"rendered":"http:\/\/girasonhos.org.br\/site\/sobre-nos-copy\/"},"modified":"2024-02-28T14:03:59","modified_gmt":"2024-02-28T14:03:59","slug":"contato","status":"publish","type":"page","link":"https:\/\/girasonhos.org.br\/site\/contato\/","title":{"rendered":"Fale Conosco"},"content":{"rendered":"<p>[et_pb_section bb_built=&#8221;1&#8243; _builder_version=&#8221;3.0.92&#8243; background_image=&#8221;https:\/\/girasonhos.org.br\/site\/wp-content\/uploads\/2019\/12\/bg_gira.jpg&#8221; custom_padding=&#8221;54px|0px|78px|0px&#8221;][et_pb_row custom_padding=&#8221;38.0469px|0px|0px|0px&#8221; _builder_version=&#8221;3.0.92&#8243;][et_pb_column type=&#8221;4_4&#8243;][et_pb_text _builder_version=&#8221;3.0.92&#8243; text_font=&#8221;Baloo|700|||||||&#8221; text_font_size=&#8221;45px&#8221; text_text_color=&#8221;#0c71c3&#8243; text_orientation=&#8221;center&#8221; background_layout=&#8221;light&#8221;]<\/p>\n<p>FALE CONOSCO<\/p>\n<p>[\/et_pb_text][\/et_pb_column][\/et_pb_row][\/et_pb_section][et_pb_section bb_built=&#8221;1&#8243; _builder_version=&#8221;3.0.92&#8243; custom_padding=&#8221;0px|0px|6px|0px&#8221;][et_pb_row custom_padding=&#8221;78px|0px|56px|0px&#8221; _builder_version=&#8221;3.0.92&#8243;][et_pb_column type=&#8221;1_2&#8243;][et_pb_text _builder_version=&#8221;3.0.92&#8243; background_layout=&#8221;light&#8221;]<\/p>\n<p style=\"text-align: left;\"><strong>ATENDIMENTO:<\/strong><br \/>\nTelefone: (14) 3841-2823 | WhatsApp: (14) 99165-6120<\/p>\n<p style=\"text-align: left;\"><strong>E-MAIL:<\/strong><br \/>\n<a href=\"mailto:&quot;contatogirasonhos@gmail.com&quot;\" target=\"_blank\" rel=\"noopener noreferrer\">contatogirasonhos@gmail.com<\/a><\/p>\n<p><strong>HOR\u00c1RIO:<\/strong><br \/>\nSegunda a Sexta das 07h00 \u00e0s 11h30 e das 13h30 \u00e0s 17hrs<\/p>\n<p>[\/et_pb_text][\/et_pb_column][et_pb_column type=&#8221;1_2&#8243;][et_pb_text _builder_version=&#8221;3.0.92&#8243; background_layout=&#8221;light&#8221;]<\/p>\n<p style=\"text-align: left;\"><strong>ENDERE\u00c7OS:<\/strong><\/p>\n<p><strong>Sede do Centro Social<\/strong><br \/>\nAv. Irm\u00e3s Cintra, 342, Centro \u2013\u00a0S\u00e3o Manuel\/SP &#8211; 18.650-049<\/p>\n<p><strong>Unidade Prestadora de Servi\u00e7o<\/strong><br \/>\nAv. S\u00e3o Paulo, 76, Cohab II \u2013\u00a0S\u00e3o Manuel\/SP &#8211; 18.654-534<\/p>\n<p>[\/et_pb_text][\/et_pb_column][\/et_pb_row][et_pb_row _builder_version=&#8221;3.0.92&#8243;][et_pb_column type=&#8221;4_4&#8243;][et_pb_text _builder_version=&#8221;3.0.92&#8243; text_font=&#8221;Baloo|700|||||||&#8221; text_font_size=&#8221;45px&#8221; text_text_color=&#8221;#0c71c3&#8243; text_orientation=&#8221;center&#8221; background_layout=&#8221;light&#8221;]<\/p>\n<p>PREENCHA O FORMUL\u00c1RIO<\/p>\n<p>&nbsp;<\/p>\n<p>[\/et_pb_text][et_pb_contact_form email=&#8221;contatogirasonhos@gmail.com&#8221; form_background_color=&#8221;rgba(12,113,195,0.16)&#8221; module_id=&#8221;et_pb_contact_form_0&#8243; _builder_version=&#8221;3.0.92&#8243; form_field_font=&#8221;|700|||||||&#8221; form_field_text_color=&#8221;#0c71c3&#8243; border_width_all=&#8221;2px&#8221; border_color_all=&#8221;#0c71c3&#8243; custom_button=&#8221;on&#8221; button_text_color=&#8221;#ffffff&#8221; button_bg_color=&#8221;#e57e00&#8243; success_message=&#8221;Mensagem enviada com sucesso!! Obrigado. Retornaremos o contato em breve.&#8221; button_border_radius=&#8221;13px&#8221; button_text_size=&#8221;24px&#8221; captcha=&#8221;on&#8221; use_redirect=&#8221;off&#8221; button_icon_placement=&#8221;right&#8221;][et_pb_contact_field field_id=&#8221;Name&#8221; field_title=&#8221;Nome&#8221; _builder_version=&#8221;3.0.47&#8243; border_radii=&#8221;on||||&#8221;][\/et_pb_contact_field][et_pb_contact_field field_id=&#8221;Email&#8221; field_title=&#8221;E-mail&#8221; field_type=&#8221;email&#8221; _builder_version=&#8221;3.0.47&#8243; border_radii=&#8221;on||||&#8221;][\/et_pb_contact_field][et_pb_contact_field field_id=&#8221;Telefone&#8221; field_title=&#8221;Telefone&#8221; _builder_version=&#8221;3.0.92&#8243;][\/et_pb_contact_field][et_pb_contact_field field_id=&#8221;Cidade&#8221; field_title=&#8221;Cidade&#8221; _builder_version=&#8221;3.0.92&#8243;][\/et_pb_contact_field][et_pb_contact_field field_id=&#8221;Message&#8221; field_title=&#8221;Mensagem&#8221; field_type=&#8221;text&#8221; fullwidth_field=&#8221;on&#8221; _builder_version=&#8221;3.0.47&#8243; border_radii=&#8221;on||||&#8221;][\/et_pb_contact_field][\/et_pb_contact_form][\/et_pb_column][\/et_pb_row][\/et_pb_section][et_pb_section bb_built=&#8221;1&#8243; _builder_version=&#8221;3.0.92&#8243; custom_padding=&#8221;36px|0px|54px|0px&#8221; global_module=&#8221;188&#8243;][et_pb_row global_parent=&#8221;188&#8243; custom_padding=&#8221;12px|0px|27px|0px&#8221; _builder_version=&#8221;3.0.92&#8243;][et_pb_column type=&#8221;4_4&#8243;][et_pb_text global_parent=&#8221;188&#8243; _builder_version=&#8221;3.0.92&#8243; text_font=&#8221;Baloo|700|||||||&#8221; text_font_size=&#8221;45px&#8221; text_text_color=&#8221;#0c71c3&#8243; text_orientation=&#8221;center&#8221; background_layout=&#8221;light&#8221;]<\/p>\n<p>Nossas Redes Sociais<\/p>\n<p>[\/et_pb_text][\/et_pb_column][\/et_pb_row][et_pb_row global_parent=&#8221;188&#8243; background_position=&#8221;top_left&#8221; background_repeat=&#8221;repeat&#8221; background_size=&#8221;initial&#8221;][et_pb_column type=&#8221;1_3&#8243;][et_pb_button global_parent=&#8221;188&#8243; button_url=&#8221;https:\/\/www.facebook.com\/girasonhoss&#8221; url_new_window=&#8221;on&#8221; button_text=&#8221;Facebook&#8221; button_alignment=&#8221;center&#8221; background_layout=&#8221;dark&#8221; _builder_version=&#8221;3.0.92&#8243; custom_button=&#8221;on&#8221; button_border_radius=&#8221;12px&#8221; button_icon_placement=&#8221;right&#8221; button_bg_use_color_gradient=&#8221;on&#8221; button_icon=&#8221;%%291%%&#8221; button_bg_image=&#8221;https:\/\/girasonhos.org.br\/site\/wp-content\/uploads\/2023\/08\/ftc-cor-mais-popular-internet-04.jpg&#8221; button_on_hover=&#8221;off&#8221;]<\/p>\n<p>&nbsp;<\/p>\n<p>[\/et_pb_button][\/et_pb_column][et_pb_column type=&#8221;1_3&#8243;][et_pb_button global_parent=&#8221;188&#8243; button_url=&#8221;https:\/\/www.instagram.com\/girasonhossm\/&#8221; url_new_window=&#8221;on&#8221; button_text=&#8221;Instagram&#8221; button_alignment=&#8221;center&#8221; background_layout=&#8221;dark&#8221; _builder_version=&#8221;3.0.92&#8243; custom_button=&#8221;on&#8221; button_border_radius=&#8221;12px&#8221; button_icon_placement=&#8221;right&#8221; button_bg_use_color_gradient=&#8221;on&#8221; button_icon=&#8221;%%298%%&#8221; button_bg_image=&#8221;https:\/\/girasonhos.org.br\/site\/wp-content\/uploads\/2023\/08\/pngtree-instagram-color-gradient-background-image_1417079.png&#8221; button_on_hover=&#8221;off&#8221;]<\/p>\n<p>&nbsp;<\/p>\n<p>[\/et_pb_button][\/et_pb_column][et_pb_column type=&#8221;1_3&#8243;][et_pb_button global_parent=&#8221;188&#8243; button_url=&#8221;https:\/\/api.whatsapp.com\/send\/?phone=5514991656120&amp;text&amp;type=phone_number&amp;app_absent=0&#8243; url_new_window=&#8221;on&#8221; button_text=&#8221;Whatsapp&#8221; button_alignment=&#8221;center&#8221; background_layout=&#8221;dark&#8221; _builder_version=&#8221;3.0.92&#8243; custom_button=&#8221;on&#8221; button_border_radius=&#8221;12px&#8221; button_icon_placement=&#8221;right&#8221; button_bg_use_color_gradient=&#8221;on&#8221; button_icon=&#8221;%%264%%&#8221; button_bg_image=&#8221;https:\/\/girasonhos.org.br\/site\/wp-content\/uploads\/2023\/08\/pngtree-instagram-color-gradient-background-image_1417079-1.png&#8221; button_on_hover=&#8221;off&#8221;]<\/p>\n<p>&nbsp;<\/p>\n<p>[\/et_pb_button][\/et_pb_column][\/et_pb_row][\/et_pb_section]<\/p>\n","protected":false},"excerpt":{"rendered":"<p>[et_pb_section bb_built=&#8221;1&#8243; _builder_version=&#8221;3.0.92&#8243; background_image=&#8221;https:\/\/girasonhos.org.br\/site\/wp-content\/uploads\/2019\/12\/bg_gira.jpg&#8221; custom_padding=&#8221;54px|0px|78px|0px&#8221;][et_pb_row custom_padding=&#8221;38.0469px|0px|0px|0px&#8221; _builder_version=&#8221;3.0.92&#8243;][et_pb_column type=&#8221;4_4&#8243;][et_pb_text _builder_version=&#8221;3.0.92&#8243; text_font=&#8221;Baloo|700|||||||&#8221; text_font_size=&#8221;45px&#8221; text_text_color=&#8221;#0c71c3&#8243; text_orientation=&#8221;center&#8221; background_layout=&#8221;light&#8221;] FALE CONOSCO [\/et_pb_text][\/et_pb_column][\/et_pb_row][\/et_pb_section][et_pb_section bb_built=&#8221;1&#8243; _builder_version=&#8221;3.0.92&#8243; custom_padding=&#8221;0px|0px|6px|0px&#8221;][et_pb_row custom_padding=&#8221;78px|0px|56px|0px&#8221; _builder_version=&#8221;3.0.92&#8243;][et_pb_column type=&#8221;1_2&#8243;][et_pb_text _builder_version=&#8221;3.0.92&#8243; background_layout=&#8221;light&#8221;] ATENDIMENTO: Telefone: (14) 3841-2823 | WhatsApp: (14) 99165-6120 E-MAIL: contatogirasonhos@gmail.com HOR\u00c1RIO: Segunda a Sexta das 07h00 \u00e0s 11h30 e das 13h30 \u00e0s 17hrs [\/et_pb_text][\/et_pb_column][et_pb_column type=&#8221;1_2&#8243;][et_pb_text _builder_version=&#8221;3.0.92&#8243; background_layout=&#8221;light&#8221;] ENDERE\u00c7OS: Sede do [&hellip;]<\/p>\n","protected":false},"author":1,"featured_media":0,"parent":0,"menu_order":0,"comment_status":"closed","ping_status":"closed","template":"","meta":[],"_links":{"self":[{"href":"https:\/\/girasonhos.org.br\/site\/wp-json\/wp\/v2\/pages\/198"}],"collection":[{"href":"https:\/\/girasonhos.org.br\/site\/wp-json\/wp\/v2\/pages"}],"about":[{"href":"https:\/\/girasonhos.org.br\/site\/wp-json\/wp\/v2\/types\/page"}],"author":[{"embeddable":true,"href":"https:\/\/girasonhos.org.br\/site\/wp-json\/wp\/v2\/users\/1"}],"replies":[{"embeddable":true,"href":"https:\/\/girasonhos.org.br\/site\/wp-json\/wp\/v2\/comments?post=198"}],"version-history":[{"count":15,"href":"https:\/\/girasonhos.org.br\/site\/wp-json\/wp\/v2\/pages\/198\/revisions"}],"predecessor-version":[{"id":1951,"href":"https:\/\/girasonhos.org.br\/site\/wp-json\/wp\/v2\/pages\/198\/revisions\/1951"}],"wp:attachment":[{"href":"https:\/\/girasonhos.org.br\/site\/wp-json\/wp\/v2\/media?parent=198"}],"curies":[{"name":"wp","href":"https:\/\/api.w.org\/{rel}","templated":true}]}}