{"id":192,"date":"2019-01-18T02:05:30","date_gmt":"2019-01-18T02:05:30","guid":{"rendered":"http:\/\/girasonhos.org.br\/site\/?page_id=192"},"modified":"2025-04-29T18:20:40","modified_gmt":"2025-04-29T18:20:40","slug":"sobre-nos","status":"publish","type":"page","link":"https:\/\/girasonhos.org.br\/site\/sobre-nos\/","title":{"rendered":"Sobre N\u00f3s"},"content":{"rendered":"<p>[et_pb_section bb_built=&#8221;1&#8243; _builder_version=&#8221;3.0.92&#8243; background_image=&#8221;https:\/\/girasonhos.org.br\/site\/wp-content\/uploads\/2019\/12\/bg_gira.jpg&#8221; custom_padding=&#8221;73px|0px|0px|0px&#8221;][et_pb_row custom_padding=&#8221;15px|0px|84px|0px&#8221; _builder_version=&#8221;3.0.92&#8243;][et_pb_column type=&#8221;1_3&#8243;][et_pb_image src=&#8221;https:\/\/girasonhos.org.br\/site\/wp-content\/uploads\/2024\/02\/Design_sem_nome__10_-removebg-preview.png&#8221; _builder_version=&#8221;3.0.92&#8243; border_color_all=&#8221;#ffffff&#8221; show_in_lightbox=&#8221;off&#8221; url_new_window=&#8221;off&#8221; use_overlay=&#8221;off&#8221; always_center_on_mobile=&#8221;on&#8221; force_fullwidth=&#8221;off&#8221; show_bottom_space=&#8221;on&#8221;]<\/p>\n<p>&nbsp;<\/p>\n<p>[\/et_pb_image][\/et_pb_column][et_pb_column type=&#8221;2_3&#8243;][et_pb_text _builder_version=&#8221;3.0.92&#8243; text_font=&#8221;Baloo|700|||||||&#8221; text_font_size=&#8221;45px&#8221; text_text_color=&#8221;#0c71c3&#8243; text_orientation=&#8221;center&#8221;]<\/p>\n<p style=\"text-align: left;\">SOBRE N\u00d3S<\/p>\n<p>[\/et_pb_text][et_pb_text _builder_version=&#8221;3.0.92&#8243; text_font=&#8221;|300|||||||&#8221; text_font_size=&#8221;20px&#8221; text_orientation=&#8221;justified&#8221; background_layout=&#8221;light&#8221;]<\/p>\n<p>O Centro Social S\u00e3o Manuel, foi fundado em 27 de outubro de 1962, pelo Pe. Jos\u00e9 Radicci, membro do Instituto Miss\u00f5es Consolata, desenvolvendo trabalhos sociais. Iniciou seus trabalhos com a cria\u00e7\u00e3o da Creche Dona Leonor Mendes de Barros e posteriormente o Educand\u00e1rio Santa Constan\u00e7a, sendo ambos denominados pela sigla CLEMBESC.<br \/>\nNo decorrer de sua hist\u00f3ria tamb\u00e9m estiveram aos cuidados do Centro Social S\u00e3o Manuel a Creche Pe. Dino Agostini e Creche Pe. Pedro Calandri, localizadas em nosso munic\u00edpio.<\/p>\n<p>No in\u00edcio o trabalho estava pautado no desenvolvimento de a\u00e7\u00f5es voltadas ao atendimento social e educacional destinado a crian\u00e7as de 06 meses a 11 anos de idade e adolescentes de 12 a 14 anos de idade, sendo pioneiro no atendimento de creche no munic\u00edpio de S\u00e3o Manuel\/SP.<\/p>\n<p>No decorrer da concretiza\u00e7\u00e3o deste trabalho contou com a parceria da Amencar (Associa\u00e7\u00e3o de Apoio \u00e0 Crian\u00e7a e ao Adolescente) e nos anos de 1999 e 2002 recebeu o pr\u00eamio Bem Eficiente, concedido pela Kanitz e Associados.<\/p>\n<p>O trabalho do Centro Social S\u00e3o Manuel destinado \u00e0 crian\u00e7a foi finalizado mediante a municipaliza\u00e7\u00e3o de atendimento de creche, ocorrida no final do ano de 2007, sendo que para dar continuidade e n\u00e3o deixar morrer a trajet\u00f3ria de a\u00e7\u00f5es sociais idealizadas pelo fundador, fundou-se o Projeto Girasonhos.<\/p>\n<p>O Projeto Girasonhos, teve seu in\u00edcio no dia 02 de Janeiro de 2008, tendo sua a\u00e7\u00e3o voltada ao atendimento, para crian\u00e7as e adolescentes em situa\u00e7\u00e3o de vulnerabilidade, procurando desta forma fortalecer e valorizar o potencial de cada ser humano individualmente e coletivamente.<\/p>\n<p>Desde a sua funda\u00e7\u00e3o o Centro Social S\u00e3o Manuel sempre foi atuante no cen\u00e1rio assistencial do munic\u00edpio e compreende a Assist\u00eancia Social enquanto Pol\u00edtica P\u00fablica Social, sendo que mediante a Tipifica\u00e7\u00e3o Nacional dos Servi\u00e7os Socioassistenciais (Resolu\u00e7\u00e3o N\u00ba 109, de 11 de novembro de 2009) passa a desenvolver, no in\u00edcio do ano de 2013, o SCFV &#8211; Servi\u00e7o de Conviv\u00eancia e Fortalecimento de V\u00ednculos para crian\u00e7as e adolescentes de 06 anos a 15 anos de idade e hoje tendo como a principal Unidade Prestadora de Servi\u00e7o o Centro de Conviv\u00eancia Girasonhos, onde atendemos diariamente 100 crian\u00e7as e adolescentes.<\/p>\n<p>[\/et_pb_text][\/et_pb_column][\/et_pb_row][\/et_pb_section][et_pb_section bb_built=&#8221;1&#8243; _builder_version=&#8221;3.0.92&#8243; custom_padding=&#8221;0px|0px|6px|0px&#8221;][\/et_pb_section][et_pb_section bb_built=&#8221;1&#8243; _builder_version=&#8221;3.0.92&#8243; custom_padding=&#8221;36px|0px|54px|0px&#8221; border_color_all=&#8221;#f47200&#8243; border_width_bottom=&#8221;7px&#8221; global_module=&#8221;188&#8243;][et_pb_row global_parent=&#8221;188&#8243; custom_padding=&#8221;12px|0px|27px|0px&#8221; _builder_version=&#8221;3.0.92&#8243;][et_pb_column type=&#8221;4_4&#8243;][et_pb_text global_parent=&#8221;188&#8243; _builder_version=&#8221;3.0.92&#8243; text_font=&#8221;Baloo|700|||||||&#8221; text_font_size=&#8221;45px&#8221; text_text_color=&#8221;#0c71c3&#8243; text_orientation=&#8221;center&#8221; background_layout=&#8221;light&#8221;]<\/p>\n<p>Nossos Parceiros:<\/p>\n<p>[\/et_pb_text][et_pb_text global_parent=&#8221;188&#8243; _builder_version=&#8221;3.0.92&#8243; background_layout=&#8221;light&#8221; text_font_size=&#8221;16px&#8221; text_text_color=&#8221;#5b5b5b&#8221;]<\/p>\n<p style=\"text-align: center;\"><span style=\"vertical-align: inherit;\"><span style=\"vertical-align: inherit;\"><span style=\"vertical-align: inherit;\"><span style=\"vertical-align: inherit;\">Nosso sucesso \u00e9 resultado de parcerias s\u00f3lidas e colaborativas e temos a sorte de contar com parceiros que ajudam a viabilizar a execu\u00e7\u00e3o do nosso trabalho.<\/span><\/span><\/span><\/span><\/p>\n<p>[\/et_pb_text][\/et_pb_column][\/et_pb_row][et_pb_row global_parent=&#8221;188&#8243; background_position=&#8221;top_left&#8221; background_repeat=&#8221;repeat&#8221; background_size=&#8221;initial&#8221; _builder_version=&#8221;3.0.92&#8243;][et_pb_column type=&#8221;1_3&#8243;][et_pb_image global_parent=&#8221;188&#8243; _builder_version=&#8221;3.0.92&#8243; src=&#8221;https:\/\/girasonhos.org.br\/site\/wp-content\/uploads\/2025\/04\/5dsdsgtr-removebg-preview.png&#8221; show_in_lightbox=&#8221;off&#8221; url_new_window=&#8221;off&#8221; use_overlay=&#8221;off&#8221; always_center_on_mobile=&#8221;on&#8221; force_fullwidth=&#8221;off&#8221; show_bottom_space=&#8221;on&#8221; border_color_all=&#8221;#0c71c3&#8243; \/][et_pb_image global_parent=&#8221;188&#8243; _builder_version=&#8221;3.0.92&#8243; src=&#8221;https:\/\/girasonhos.org.br\/site\/wp-content\/uploads\/2025\/04\/6-removebg-preview.png&#8221; show_in_lightbox=&#8221;off&#8221; url_new_window=&#8221;off&#8221; use_overlay=&#8221;off&#8221; always_center_on_mobile=&#8221;on&#8221; force_fullwidth=&#8221;off&#8221; show_bottom_space=&#8221;on&#8221; \/][\/et_pb_column][et_pb_column type=&#8221;1_3&#8243;][et_pb_image global_parent=&#8221;188&#8243; _builder_version=&#8221;3.0.92&#8243; src=&#8221;https:\/\/girasonhos.org.br\/site\/wp-content\/uploads\/2025\/04\/2dssds-removebg-preview.png&#8221; show_in_lightbox=&#8221;off&#8221; url_new_window=&#8221;off&#8221; use_overlay=&#8221;off&#8221; always_center_on_mobile=&#8221;on&#8221; force_fullwidth=&#8221;off&#8221; show_bottom_space=&#8221;on&#8221; \/][et_pb_image global_parent=&#8221;188&#8243; _builder_version=&#8221;3.0.92&#8243; src=&#8221;https:\/\/girasonhos.org.br\/site\/wp-content\/uploads\/2025\/04\/4sdsdsdf-removebg-preview.png&#8221; show_in_lightbox=&#8221;off&#8221; url_new_window=&#8221;off&#8221; use_overlay=&#8221;off&#8221; always_center_on_mobile=&#8221;on&#8221; force_fullwidth=&#8221;off&#8221; show_bottom_space=&#8221;on&#8221; \/][\/et_pb_column][et_pb_column type=&#8221;1_3&#8243;][et_pb_image global_parent=&#8221;188&#8243; _builder_version=&#8221;3.0.92&#8243; src=&#8221;https:\/\/girasonhos.org.br\/site\/wp-content\/uploads\/2025\/04\/1sasa-removebg-preview.png&#8221; show_in_lightbox=&#8221;off&#8221; url_new_window=&#8221;off&#8221; use_overlay=&#8221;off&#8221; always_center_on_mobile=&#8221;on&#8221; force_fullwidth=&#8221;off&#8221; show_bottom_space=&#8221;on&#8221; \/][et_pb_image global_parent=&#8221;188&#8243; _builder_version=&#8221;3.0.92&#8243; src=&#8221;https:\/\/girasonhos.org.br\/site\/wp-content\/uploads\/2025\/04\/3-removebg-preview.png&#8221; show_in_lightbox=&#8221;off&#8221; url_new_window=&#8221;off&#8221; use_overlay=&#8221;off&#8221; always_center_on_mobile=&#8221;on&#8221; force_fullwidth=&#8221;off&#8221; show_bottom_space=&#8221;on&#8221; \/][\/et_pb_column][\/et_pb_row][\/et_pb_section]<\/p>\n","protected":false},"excerpt":{"rendered":"<p>[et_pb_section bb_built=&#8221;1&#8243; _builder_version=&#8221;3.0.92&#8243; background_image=&#8221;https:\/\/girasonhos.org.br\/site\/wp-content\/uploads\/2019\/12\/bg_gira.jpg&#8221; custom_padding=&#8221;73px|0px|0px|0px&#8221;][et_pb_row custom_padding=&#8221;15px|0px|84px|0px&#8221; _builder_version=&#8221;3.0.92&#8243;][et_pb_column type=&#8221;1_3&#8243;][et_pb_image src=&#8221;https:\/\/girasonhos.org.br\/site\/wp-content\/uploads\/2024\/02\/Design_sem_nome__10_-removebg-preview.png&#8221; _builder_version=&#8221;3.0.92&#8243; border_color_all=&#8221;#ffffff&#8221; show_in_lightbox=&#8221;off&#8221; url_new_window=&#8221;off&#8221; use_overlay=&#8221;off&#8221; always_center_on_mobile=&#8221;on&#8221; force_fullwidth=&#8221;off&#8221; show_bottom_space=&#8221;on&#8221;] &nbsp; [\/et_pb_image][\/et_pb_column][et_pb_column type=&#8221;2_3&#8243;][et_pb_text _builder_version=&#8221;3.0.92&#8243; text_font=&#8221;Baloo|700|||||||&#8221; text_font_size=&#8221;45px&#8221; text_text_color=&#8221;#0c71c3&#8243; text_orientation=&#8221;center&#8221;] SOBRE N\u00d3S [\/et_pb_text][et_pb_text _builder_version=&#8221;3.0.92&#8243; text_font=&#8221;|300|||||||&#8221; text_font_size=&#8221;20px&#8221; text_orientation=&#8221;justified&#8221; background_layout=&#8221;light&#8221;] O Centro Social S\u00e3o Manuel, foi fundado em 27 de outubro de 1962, pelo Pe. Jos\u00e9 Radicci, membro do Instituto Miss\u00f5es Consolata, [&hellip;]<\/p>\n","protected":false},"author":1,"featured_media":0,"parent":0,"menu_order":0,"comment_status":"closed","ping_status":"closed","template":"","meta":[],"_links":{"self":[{"href":"https:\/\/girasonhos.org.br\/site\/wp-json\/wp\/v2\/pages\/192"}],"collection":[{"href":"https:\/\/girasonhos.org.br\/site\/wp-json\/wp\/v2\/pages"}],"about":[{"href":"https:\/\/girasonhos.org.br\/site\/wp-json\/wp\/v2\/types\/page"}],"author":[{"embeddable":true,"href":"https:\/\/girasonhos.org.br\/site\/wp-json\/wp\/v2\/users\/1"}],"replies":[{"embeddable":true,"href":"https:\/\/girasonhos.org.br\/site\/wp-json\/wp\/v2\/comments?post=192"}],"version-history":[{"count":18,"href":"https:\/\/girasonhos.org.br\/site\/wp-json\/wp\/v2\/pages\/192\/revisions"}],"predecessor-version":[{"id":1949,"href":"https:\/\/girasonhos.org.br\/site\/wp-json\/wp\/v2\/pages\/192\/revisions\/1949"}],"wp:attachment":[{"href":"https:\/\/girasonhos.org.br\/site\/wp-json\/wp\/v2\/media?parent=192"}],"curies":[{"name":"wp","href":"https:\/\/api.w.org\/{rel}","templated":true}]}}